{"id":1215,"date":"2025-05-25T08:31:46","date_gmt":"2025-05-25T08:31:46","guid":{"rendered":"https:\/\/anitafrichot.com\/?page_id=1215"},"modified":"2025-05-25T08:40:20","modified_gmt":"2025-05-25T08:40:20","slug":"workshop","status":"publish","type":"page","link":"https:\/\/anitafrichot.com\/index.php\/workshop\/","title":{"rendered":"Workshop"},"content":{"rendered":"\n<p>Jeg tilbyder workshops p\u00e5 foresp\u00f8rgsel. Under denne workshop arbejdede vi med den grafiske dybtrykteknik koldn\u00e5l. <a href=\"https:\/\/anitafrichot.com\/index.php\/54-2\/\" data-type=\"page\" data-id=\"54\">Kontakt<\/a><\/p>\n\n\n\n<figure class=\"wp-block-gallery has-nested-images columns-default is-cropped wp-block-gallery-1 is-layout-flex wp-block-gallery-is-layout-flex\">\n<figure class=\"wp-block-image size-large\"><img data-opt-id=126257032  fetchpriority=\"high\" decoding=\"async\" width=\"1024\" height=\"768\" data-id=\"1266\" src=\"https:\/\/mlwziiafuazo.i.optimole.com\/w:1024\/h:768\/q:mauto\/ig:avif\/https:\/\/anitafrichot.com\/wp-content\/uploads\/2025\/05\/IMG_6796-3.jpeg\" alt=\"\" class=\"wp-image-1266\" srcset=\"https:\/\/mlwziiafuazo.i.optimole.com\/w:1024\/h:768\/q:mauto\/ig:avif\/https:\/\/anitafrichot.com\/wp-content\/uploads\/2025\/05\/IMG_6796-3-scaled.jpeg 1024w, https:\/\/mlwziiafuazo.i.optimole.com\/w:300\/h:225\/q:mauto\/ig:avif\/https:\/\/anitafrichot.com\/wp-content\/uploads\/2025\/05\/IMG_6796-3-scaled.jpeg 300w, https:\/\/mlwziiafuazo.i.optimole.com\/w:768\/h:576\/q:mauto\/ig:avif\/https:\/\/anitafrichot.com\/wp-content\/uploads\/2025\/05\/IMG_6796-3-scaled.jpeg 768w, https:\/\/mlwziiafuazo.i.optimole.com\/w:1440\/h:1080\/q:mauto\/ig:avif\/https:\/\/anitafrichot.com\/wp-content\/uploads\/2025\/05\/IMG_6796-3-scaled.jpeg 1536w, https:\/\/mlwziiafuazo.i.optimole.com\/w:1440\/h:1080\/q:mauto\/ig:avif\/https:\/\/anitafrichot.com\/wp-content\/uploads\/2025\/05\/IMG_6796-3-scaled.jpeg 2048w\" sizes=\"(max-width: 1000px) 100vw, 1000px\" \/><\/figure>\n\n\n\n<figure class=\"wp-block-image size-large\"><img data-opt-id=373001962  fetchpriority=\"high\" decoding=\"async\" width=\"768\" height=\"1024\" data-id=\"1277\" src=\"https:\/\/mlwziiafuazo.i.optimole.com\/w:768\/h:1024\/q:mauto\/ig:avif\/https:\/\/anitafrichot.com\/wp-content\/uploads\/2025\/05\/IMG_6797-1.jpeg\" alt=\"\" class=\"wp-image-1277\" srcset=\"https:\/\/mlwziiafuazo.i.optimole.com\/w:768\/h:1024\/q:mauto\/ig:avif\/https:\/\/anitafrichot.com\/wp-content\/uploads\/2025\/05\/IMG_6797-1-scaled.jpeg 768w, https:\/\/mlwziiafuazo.i.optimole.com\/w:225\/h:300\/q:mauto\/ig:avif\/https:\/\/anitafrichot.com\/wp-content\/uploads\/2025\/05\/IMG_6797-1-scaled.jpeg 225w, https:\/\/mlwziiafuazo.i.optimole.com\/w:810\/h:1080\/q:mauto\/ig:avif\/https:\/\/anitafrichot.com\/wp-content\/uploads\/2025\/05\/IMG_6797-1-scaled.jpeg 1152w, https:\/\/mlwziiafuazo.i.optimole.com\/w:810\/h:1080\/q:mauto\/ig:avif\/https:\/\/anitafrichot.com\/wp-content\/uploads\/2025\/05\/IMG_6797-1-scaled.jpeg 1536w, https:\/\/mlwziiafuazo.i.optimole.com\/w:810\/h:1080\/q:mauto\/ig:avif\/https:\/\/anitafrichot.com\/wp-content\/uploads\/2025\/05\/IMG_6797-1-scaled.jpeg 1920w\" sizes=\"(max-width: 768px) 100vw, 768px\" \/><\/figure>\n\n\n\n<figure class=\"wp-block-image size-full\"><img data-opt-id=1551367352  data-opt-src=\"https:\/\/mlwziiafuazo.i.optimole.com\/w:auto\/h:auto\/q:mauto\/ig:avif\/https:\/\/anitafrichot.com\/wp-content\/uploads\/2025\/05\/IMG_6767-3-scaled.jpeg\"  decoding=\"async\" width=\"1920\" height=\"2560\" data-id=\"1271\" src=\"data:image/svg+xml,%3Csvg%20viewBox%3D%220%200%20100%%20100%%22%20width%3D%22100%%22%20height%3D%22100%%22%20xmlns%3D%22http%3A%2F%2Fwww.w3.org%2F2000%2Fsvg%22%3E%3Crect%20width%3D%22100%%22%20height%3D%22100%%22%20fill%3D%22transparent%22%2F%3E%3C%2Fsvg%3E\" alt=\"\" class=\"wp-image-1271\" old-srcset=\"https:\/\/mlwziiafuazo.i.optimole.com\/w:810\/h:1080\/q:mauto\/ig:avif\/https:\/\/anitafrichot.com\/wp-content\/uploads\/2025\/05\/IMG_6767-3-scaled.jpeg 1920w, https:\/\/mlwziiafuazo.i.optimole.com\/w:225\/h:300\/q:mauto\/ig:avif\/https:\/\/anitafrichot.com\/wp-content\/uploads\/2025\/05\/IMG_6767-3-scaled.jpeg 225w\" \/><\/figure>\n\n\n\n<figure class=\"wp-block-image size-large\"><img data-opt-id=1154316004  data-opt-src=\"https:\/\/mlwziiafuazo.i.optimole.com\/w:768\/h:1024\/q:mauto\/ig:avif\/https:\/\/anitafrichot.com\/wp-content\/uploads\/2025\/05\/IMG_6803-3.jpeg\"  decoding=\"async\" width=\"768\" height=\"1024\" data-id=\"1285\" src=\"data:image/svg+xml,%3Csvg%20viewBox%3D%220%200%20768%201024%22%20width%3D%22768%22%20height%3D%221024%22%20xmlns%3D%22http%3A%2F%2Fwww.w3.org%2F2000%2Fsvg%22%3E%3Crect%20width%3D%22768%22%20height%3D%221024%22%20fill%3D%22transparent%22%2F%3E%3C%2Fsvg%3E\" alt=\"\" class=\"wp-image-1285\" old-srcset=\"https:\/\/mlwziiafuazo.i.optimole.com\/w:768\/h:1024\/q:mauto\/ig:avif\/https:\/\/anitafrichot.com\/wp-content\/uploads\/2025\/05\/IMG_6803-3-scaled.jpeg 768w, https:\/\/mlwziiafuazo.i.optimole.com\/w:225\/h:300\/q:mauto\/ig:avif\/https:\/\/anitafrichot.com\/wp-content\/uploads\/2025\/05\/IMG_6803-3-scaled.jpeg 225w, https:\/\/mlwziiafuazo.i.optimole.com\/w:810\/h:1080\/q:mauto\/ig:avif\/https:\/\/anitafrichot.com\/wp-content\/uploads\/2025\/05\/IMG_6803-3-scaled.jpeg 1152w, https:\/\/mlwziiafuazo.i.optimole.com\/w:810\/h:1080\/q:mauto\/ig:avif\/https:\/\/anitafrichot.com\/wp-content\/uploads\/2025\/05\/IMG_6803-3-scaled.jpeg 1536w, https:\/\/mlwziiafuazo.i.optimole.com\/w:810\/h:1080\/q:mauto\/ig:avif\/https:\/\/anitafrichot.com\/wp-content\/uploads\/2025\/05\/IMG_6803-3-scaled.jpeg 1920w\" \/><\/figure>\n\n\n\n<figure class=\"wp-block-image size-large\"><img data-opt-id=1862665504  data-opt-src=\"https:\/\/mlwziiafuazo.i.optimole.com\/w:768\/h:1024\/q:mauto\/ig:avif\/https:\/\/anitafrichot.com\/wp-content\/uploads\/2025\/05\/IMG_6787-3.jpeg\"  decoding=\"async\" width=\"768\" height=\"1024\" data-id=\"1273\" src=\"data:image/svg+xml,%3Csvg%20viewBox%3D%220%200%20768%201024%22%20width%3D%22768%22%20height%3D%221024%22%20xmlns%3D%22http%3A%2F%2Fwww.w3.org%2F2000%2Fsvg%22%3E%3Crect%20width%3D%22768%22%20height%3D%221024%22%20fill%3D%22transparent%22%2F%3E%3C%2Fsvg%3E\" alt=\"\" class=\"wp-image-1273\" old-srcset=\"https:\/\/mlwziiafuazo.i.optimole.com\/w:768\/h:1024\/q:mauto\/ig:avif\/https:\/\/anitafrichot.com\/wp-content\/uploads\/2025\/05\/IMG_6787-3-scaled.jpeg 768w, https:\/\/mlwziiafuazo.i.optimole.com\/w:225\/h:300\/q:mauto\/ig:avif\/https:\/\/anitafrichot.com\/wp-content\/uploads\/2025\/05\/IMG_6787-3-scaled.jpeg 225w, https:\/\/mlwziiafuazo.i.optimole.com\/w:810\/h:1080\/q:mauto\/ig:avif\/https:\/\/anitafrichot.com\/wp-content\/uploads\/2025\/05\/IMG_6787-3-scaled.jpeg 1152w, https:\/\/mlwziiafuazo.i.optimole.com\/w:810\/h:1080\/q:mauto\/ig:avif\/https:\/\/anitafrichot.com\/wp-content\/uploads\/2025\/05\/IMG_6787-3-scaled.jpeg 1536w, https:\/\/mlwziiafuazo.i.optimole.com\/w:810\/h:1080\/q:mauto\/ig:avif\/https:\/\/anitafrichot.com\/wp-content\/uploads\/2025\/05\/IMG_6787-3-scaled.jpeg 1920w\" \/><\/figure>\n\n\n\n<figure class=\"wp-block-image size-large\"><img data-opt-id=117805556  data-opt-src=\"https:\/\/mlwziiafuazo.i.optimole.com\/w:1024\/h:768\/q:mauto\/ig:avif\/https:\/\/anitafrichot.com\/wp-content\/uploads\/2025\/05\/IMG_6792-1.jpeg\"  decoding=\"async\" width=\"1024\" height=\"768\" data-id=\"1265\" src=\"data:image/svg+xml,%3Csvg%20viewBox%3D%220%200%201024%20768%22%20width%3D%221024%22%20height%3D%22768%22%20xmlns%3D%22http%3A%2F%2Fwww.w3.org%2F2000%2Fsvg%22%3E%3Crect%20width%3D%221024%22%20height%3D%22768%22%20fill%3D%22transparent%22%2F%3E%3C%2Fsvg%3E\" alt=\"\" class=\"wp-image-1265\" old-srcset=\"https:\/\/mlwziiafuazo.i.optimole.com\/w:1024\/h:768\/q:mauto\/ig:avif\/https:\/\/anitafrichot.com\/wp-content\/uploads\/2025\/05\/IMG_6792-1-scaled.jpeg 1024w, https:\/\/mlwziiafuazo.i.optimole.com\/w:300\/h:225\/q:mauto\/ig:avif\/https:\/\/anitafrichot.com\/wp-content\/uploads\/2025\/05\/IMG_6792-1-scaled.jpeg 300w, https:\/\/mlwziiafuazo.i.optimole.com\/w:768\/h:576\/q:mauto\/ig:avif\/https:\/\/anitafrichot.com\/wp-content\/uploads\/2025\/05\/IMG_6792-1-scaled.jpeg 768w, https:\/\/mlwziiafuazo.i.optimole.com\/w:1440\/h:1080\/q:mauto\/ig:avif\/https:\/\/anitafrichot.com\/wp-content\/uploads\/2025\/05\/IMG_6792-1-scaled.jpeg 1536w, https:\/\/mlwziiafuazo.i.optimole.com\/w:1440\/h:1080\/q:mauto\/ig:avif\/https:\/\/anitafrichot.com\/wp-content\/uploads\/2025\/05\/IMG_6792-1-scaled.jpeg 2048w\" \/><\/figure>\n\n\n\n<figure class=\"wp-block-image size-large\"><img data-opt-id=410245028  data-opt-src=\"https:\/\/mlwziiafuazo.i.optimole.com\/w:1024\/h:768\/q:mauto\/ig:avif\/https:\/\/anitafrichot.com\/wp-content\/uploads\/2025\/05\/IMG_6782-1.jpeg\"  decoding=\"async\" width=\"1024\" height=\"768\" data-id=\"1280\" src=\"data:image/svg+xml,%3Csvg%20viewBox%3D%220%200%201024%20768%22%20width%3D%221024%22%20height%3D%22768%22%20xmlns%3D%22http%3A%2F%2Fwww.w3.org%2F2000%2Fsvg%22%3E%3Crect%20width%3D%221024%22%20height%3D%22768%22%20fill%3D%22transparent%22%2F%3E%3C%2Fsvg%3E\" alt=\"\" class=\"wp-image-1280\" old-srcset=\"https:\/\/mlwziiafuazo.i.optimole.com\/w:1024\/h:768\/q:mauto\/ig:avif\/https:\/\/anitafrichot.com\/wp-content\/uploads\/2025\/05\/IMG_6782-1-scaled.jpeg 1024w, https:\/\/mlwziiafuazo.i.optimole.com\/w:300\/h:225\/q:mauto\/ig:avif\/https:\/\/anitafrichot.com\/wp-content\/uploads\/2025\/05\/IMG_6782-1-scaled.jpeg 300w, https:\/\/mlwziiafuazo.i.optimole.com\/w:768\/h:576\/q:mauto\/ig:avif\/https:\/\/anitafrichot.com\/wp-content\/uploads\/2025\/05\/IMG_6782-1-scaled.jpeg 768w, https:\/\/mlwziiafuazo.i.optimole.com\/w:1440\/h:1080\/q:mauto\/ig:avif\/https:\/\/anitafrichot.com\/wp-content\/uploads\/2025\/05\/IMG_6782-1-scaled.jpeg 1536w, https:\/\/mlwziiafuazo.i.optimole.com\/w:1440\/h:1080\/q:mauto\/ig:avif\/https:\/\/anitafrichot.com\/wp-content\/uploads\/2025\/05\/IMG_6782-1-scaled.jpeg 2048w\" \/><\/figure>\n\n\n\n<figure class=\"wp-block-image size-large\"><img data-opt-id=2040242186  data-opt-src=\"https:\/\/mlwziiafuazo.i.optimole.com\/w:1024\/h:768\/q:mauto\/ig:avif\/https:\/\/anitafrichot.com\/wp-content\/uploads\/2025\/05\/IMG_6804-2.jpeg\"  decoding=\"async\" width=\"1024\" height=\"768\" data-id=\"1276\" src=\"data:image/svg+xml,%3Csvg%20viewBox%3D%220%200%201024%20768%22%20width%3D%221024%22%20height%3D%22768%22%20xmlns%3D%22http%3A%2F%2Fwww.w3.org%2F2000%2Fsvg%22%3E%3Crect%20width%3D%221024%22%20height%3D%22768%22%20fill%3D%22transparent%22%2F%3E%3C%2Fsvg%3E\" alt=\"\" class=\"wp-image-1276\" old-srcset=\"https:\/\/mlwziiafuazo.i.optimole.com\/w:1024\/h:768\/q:mauto\/ig:avif\/https:\/\/anitafrichot.com\/wp-content\/uploads\/2025\/05\/IMG_6804-2-scaled.jpeg 1024w, https:\/\/mlwziiafuazo.i.optimole.com\/w:300\/h:225\/q:mauto\/ig:avif\/https:\/\/anitafrichot.com\/wp-content\/uploads\/2025\/05\/IMG_6804-2-scaled.jpeg 300w, https:\/\/mlwziiafuazo.i.optimole.com\/w:768\/h:576\/q:mauto\/ig:avif\/https:\/\/anitafrichot.com\/wp-content\/uploads\/2025\/05\/IMG_6804-2-scaled.jpeg 768w, https:\/\/mlwziiafuazo.i.optimole.com\/w:1440\/h:1080\/q:mauto\/ig:avif\/https:\/\/anitafrichot.com\/wp-content\/uploads\/2025\/05\/IMG_6804-2-scaled.jpeg 1536w, https:\/\/mlwziiafuazo.i.optimole.com\/w:1440\/h:1080\/q:mauto\/ig:avif\/https:\/\/anitafrichot.com\/wp-content\/uploads\/2025\/05\/IMG_6804-2-scaled.jpeg 2048w\" \/><\/figure>\n\n\n\n<figure class=\"wp-block-image size-large\"><img data-opt-id=1457398543  data-opt-src=\"https:\/\/mlwziiafuazo.i.optimole.com\/w:1024\/h:768\/q:mauto\/ig:avif\/https:\/\/anitafrichot.com\/wp-content\/uploads\/2025\/05\/IMG_6785-2.jpeg\"  decoding=\"async\" width=\"1024\" height=\"768\" data-id=\"1279\" src=\"data:image/svg+xml,%3Csvg%20viewBox%3D%220%200%201024%20768%22%20width%3D%221024%22%20height%3D%22768%22%20xmlns%3D%22http%3A%2F%2Fwww.w3.org%2F2000%2Fsvg%22%3E%3Crect%20width%3D%221024%22%20height%3D%22768%22%20fill%3D%22transparent%22%2F%3E%3C%2Fsvg%3E\" alt=\"\" class=\"wp-image-1279\" old-srcset=\"https:\/\/mlwziiafuazo.i.optimole.com\/w:1024\/h:768\/q:mauto\/ig:avif\/https:\/\/anitafrichot.com\/wp-content\/uploads\/2025\/05\/IMG_6785-2-scaled.jpeg 1024w, https:\/\/mlwziiafuazo.i.optimole.com\/w:300\/h:225\/q:mauto\/ig:avif\/https:\/\/anitafrichot.com\/wp-content\/uploads\/2025\/05\/IMG_6785-2-scaled.jpeg 300w, https:\/\/mlwziiafuazo.i.optimole.com\/w:768\/h:576\/q:mauto\/ig:avif\/https:\/\/anitafrichot.com\/wp-content\/uploads\/2025\/05\/IMG_6785-2-scaled.jpeg 768w, https:\/\/mlwziiafuazo.i.optimole.com\/w:1440\/h:1080\/q:mauto\/ig:avif\/https:\/\/anitafrichot.com\/wp-content\/uploads\/2025\/05\/IMG_6785-2-scaled.jpeg 1536w, https:\/\/mlwziiafuazo.i.optimole.com\/w:1440\/h:1080\/q:mauto\/ig:avif\/https:\/\/anitafrichot.com\/wp-content\/uploads\/2025\/05\/IMG_6785-2-scaled.jpeg 2048w\" \/><\/figure>\n\n\n\n<figure class=\"wp-block-image size-large\"><img data-opt-id=237665172  data-opt-src=\"https:\/\/mlwziiafuazo.i.optimole.com\/w:768\/h:1024\/q:mauto\/ig:avif\/https:\/\/anitafrichot.com\/wp-content\/uploads\/2025\/05\/IMG_6800-3.jpeg\"  decoding=\"async\" width=\"768\" height=\"1024\" data-id=\"1272\" src=\"data:image/svg+xml,%3Csvg%20viewBox%3D%220%200%20768%201024%22%20width%3D%22768%22%20height%3D%221024%22%20xmlns%3D%22http%3A%2F%2Fwww.w3.org%2F2000%2Fsvg%22%3E%3Crect%20width%3D%22768%22%20height%3D%221024%22%20fill%3D%22transparent%22%2F%3E%3C%2Fsvg%3E\" alt=\"\" class=\"wp-image-1272\" old-srcset=\"https:\/\/mlwziiafuazo.i.optimole.com\/w:768\/h:1024\/q:mauto\/ig:avif\/https:\/\/anitafrichot.com\/wp-content\/uploads\/2025\/05\/IMG_6800-3-scaled.jpeg 768w, https:\/\/mlwziiafuazo.i.optimole.com\/w:225\/h:300\/q:mauto\/ig:avif\/https:\/\/anitafrichot.com\/wp-content\/uploads\/2025\/05\/IMG_6800-3-scaled.jpeg 225w, https:\/\/mlwziiafuazo.i.optimole.com\/w:810\/h:1080\/q:mauto\/ig:avif\/https:\/\/anitafrichot.com\/wp-content\/uploads\/2025\/05\/IMG_6800-3-scaled.jpeg 1152w, https:\/\/mlwziiafuazo.i.optimole.com\/w:810\/h:1080\/q:mauto\/ig:avif\/https:\/\/anitafrichot.com\/wp-content\/uploads\/2025\/05\/IMG_6800-3-scaled.jpeg 1536w, https:\/\/mlwziiafuazo.i.optimole.com\/w:810\/h:1080\/q:mauto\/ig:avif\/https:\/\/anitafrichot.com\/wp-content\/uploads\/2025\/05\/IMG_6800-3-scaled.jpeg 1920w\" \/><\/figure>\n\n\n\n<figure class=\"wp-block-image size-large\"><img data-opt-id=1378935014  data-opt-src=\"https:\/\/mlwziiafuazo.i.optimole.com\/w:768\/h:1024\/q:mauto\/ig:avif\/https:\/\/anitafrichot.com\/wp-content\/uploads\/2025\/05\/IMG_6755-3.jpeg\"  decoding=\"async\" width=\"768\" height=\"1024\" data-id=\"1282\" src=\"data:image/svg+xml,%3Csvg%20viewBox%3D%220%200%20768%201024%22%20width%3D%22768%22%20height%3D%221024%22%20xmlns%3D%22http%3A%2F%2Fwww.w3.org%2F2000%2Fsvg%22%3E%3Crect%20width%3D%22768%22%20height%3D%221024%22%20fill%3D%22transparent%22%2F%3E%3C%2Fsvg%3E\" alt=\"\" class=\"wp-image-1282\" old-srcset=\"https:\/\/mlwziiafuazo.i.optimole.com\/w:768\/h:1024\/q:mauto\/ig:avif\/https:\/\/anitafrichot.com\/wp-content\/uploads\/2025\/05\/IMG_6755-3-scaled.jpeg 768w, https:\/\/mlwziiafuazo.i.optimole.com\/w:225\/h:300\/q:mauto\/ig:avif\/https:\/\/anitafrichot.com\/wp-content\/uploads\/2025\/05\/IMG_6755-3-scaled.jpeg 225w, https:\/\/mlwziiafuazo.i.optimole.com\/w:810\/h:1080\/q:mauto\/ig:avif\/https:\/\/anitafrichot.com\/wp-content\/uploads\/2025\/05\/IMG_6755-3-scaled.jpeg 1152w, https:\/\/mlwziiafuazo.i.optimole.com\/w:810\/h:1080\/q:mauto\/ig:avif\/https:\/\/anitafrichot.com\/wp-content\/uploads\/2025\/05\/IMG_6755-3-scaled.jpeg 1536w, https:\/\/mlwziiafuazo.i.optimole.com\/w:810\/h:1080\/q:mauto\/ig:avif\/https:\/\/anitafrichot.com\/wp-content\/uploads\/2025\/05\/IMG_6755-3-scaled.jpeg 1920w\" \/><\/figure>\n\n\n\n<figure class=\"wp-block-image size-large\"><img data-opt-id=2069019944  data-opt-src=\"https:\/\/mlwziiafuazo.i.optimole.com\/w:768\/h:1024\/q:mauto\/ig:avif\/https:\/\/anitafrichot.com\/wp-content\/uploads\/2025\/05\/IMG_6750-2.jpeg\"  decoding=\"async\" width=\"768\" height=\"1024\" data-id=\"1264\" src=\"data:image/svg+xml,%3Csvg%20viewBox%3D%220%200%20768%201024%22%20width%3D%22768%22%20height%3D%221024%22%20xmlns%3D%22http%3A%2F%2Fwww.w3.org%2F2000%2Fsvg%22%3E%3Crect%20width%3D%22768%22%20height%3D%221024%22%20fill%3D%22transparent%22%2F%3E%3C%2Fsvg%3E\" alt=\"\" class=\"wp-image-1264\" old-srcset=\"https:\/\/mlwziiafuazo.i.optimole.com\/w:768\/h:1024\/q:mauto\/ig:avif\/https:\/\/anitafrichot.com\/wp-content\/uploads\/2025\/05\/IMG_6750-2-scaled.jpeg 768w, https:\/\/mlwziiafuazo.i.optimole.com\/w:225\/h:300\/q:mauto\/ig:avif\/https:\/\/anitafrichot.com\/wp-content\/uploads\/2025\/05\/IMG_6750-2-scaled.jpeg 225w, https:\/\/mlwziiafuazo.i.optimole.com\/w:810\/h:1080\/q:mauto\/ig:avif\/https:\/\/anitafrichot.com\/wp-content\/uploads\/2025\/05\/IMG_6750-2-scaled.jpeg 1152w, https:\/\/mlwziiafuazo.i.optimole.com\/w:810\/h:1080\/q:mauto\/ig:avif\/https:\/\/anitafrichot.com\/wp-content\/uploads\/2025\/05\/IMG_6750-2-scaled.jpeg 1536w, https:\/\/mlwziiafuazo.i.optimole.com\/w:810\/h:1080\/q:mauto\/ig:avif\/https:\/\/anitafrichot.com\/wp-content\/uploads\/2025\/05\/IMG_6750-2-scaled.jpeg 1920w\" \/><\/figure>\n\n\n\n<figure class=\"wp-block-image size-large\"><img data-opt-id=1758347093  data-opt-src=\"https:\/\/mlwziiafuazo.i.optimole.com\/w:768\/h:1024\/q:mauto\/ig:avif\/https:\/\/anitafrichot.com\/wp-content\/uploads\/2025\/05\/IMG_6739-1.jpeg\"  decoding=\"async\" width=\"768\" height=\"1024\" data-id=\"1269\" src=\"data:image/svg+xml,%3Csvg%20viewBox%3D%220%200%20768%201024%22%20width%3D%22768%22%20height%3D%221024%22%20xmlns%3D%22http%3A%2F%2Fwww.w3.org%2F2000%2Fsvg%22%3E%3Crect%20width%3D%22768%22%20height%3D%221024%22%20fill%3D%22transparent%22%2F%3E%3C%2Fsvg%3E\" alt=\"\" class=\"wp-image-1269\" old-srcset=\"https:\/\/mlwziiafuazo.i.optimole.com\/w:768\/h:1024\/q:mauto\/ig:avif\/https:\/\/anitafrichot.com\/wp-content\/uploads\/2025\/05\/IMG_6739-1-scaled.jpeg 768w, https:\/\/mlwziiafuazo.i.optimole.com\/w:225\/h:300\/q:mauto\/ig:avif\/https:\/\/anitafrichot.com\/wp-content\/uploads\/2025\/05\/IMG_6739-1-scaled.jpeg 225w, https:\/\/mlwziiafuazo.i.optimole.com\/w:810\/h:1080\/q:mauto\/ig:avif\/https:\/\/anitafrichot.com\/wp-content\/uploads\/2025\/05\/IMG_6739-1-scaled.jpeg 1152w, https:\/\/mlwziiafuazo.i.optimole.com\/w:810\/h:1080\/q:mauto\/ig:avif\/https:\/\/anitafrichot.com\/wp-content\/uploads\/2025\/05\/IMG_6739-1-scaled.jpeg 1536w, https:\/\/mlwziiafuazo.i.optimole.com\/w:810\/h:1080\/q:mauto\/ig:avif\/https:\/\/anitafrichot.com\/wp-content\/uploads\/2025\/05\/IMG_6739-1-scaled.jpeg 1920w\" \/><\/figure>\n\n\n\n<figure class=\"wp-block-image size-large\"><img data-opt-id=1560863353  data-opt-src=\"https:\/\/mlwziiafuazo.i.optimole.com\/w:1024\/h:916\/q:mauto\/ig:avif\/https:\/\/anitafrichot.com\/wp-content\/uploads\/2025\/05\/IMG_6807-3.jpeg\"  decoding=\"async\" width=\"1024\" height=\"916\" data-id=\"1270\" src=\"data:image/svg+xml,%3Csvg%20viewBox%3D%220%200%201024%20916%22%20width%3D%221024%22%20height%3D%22916%22%20xmlns%3D%22http%3A%2F%2Fwww.w3.org%2F2000%2Fsvg%22%3E%3Crect%20width%3D%221024%22%20height%3D%22916%22%20fill%3D%22transparent%22%2F%3E%3C%2Fsvg%3E\" alt=\"\" class=\"wp-image-1270\" old-srcset=\"https:\/\/mlwziiafuazo.i.optimole.com\/w:1024\/h:916\/q:mauto\/ig:avif\/https:\/\/anitafrichot.com\/wp-content\/uploads\/2025\/05\/IMG_6807-3-scaled.jpeg 1024w, https:\/\/mlwziiafuazo.i.optimole.com\/w:300\/h:268\/q:mauto\/ig:avif\/https:\/\/anitafrichot.com\/wp-content\/uploads\/2025\/05\/IMG_6807-3-scaled.jpeg 300w, https:\/\/mlwziiafuazo.i.optimole.com\/w:768\/h:687\/q:mauto\/ig:avif\/https:\/\/anitafrichot.com\/wp-content\/uploads\/2025\/05\/IMG_6807-3-scaled.jpeg 768w, https:\/\/mlwziiafuazo.i.optimole.com\/w:1207\/h:1080\/q:mauto\/ig:avif\/https:\/\/anitafrichot.com\/wp-content\/uploads\/2025\/05\/IMG_6807-3-scaled.jpeg 1536w, https:\/\/mlwziiafuazo.i.optimole.com\/w:1207\/h:1080\/q:mauto\/ig:avif\/https:\/\/anitafrichot.com\/wp-content\/uploads\/2025\/05\/IMG_6807-3-scaled.jpeg 2048w\" \/><\/figure>\n\n\n\n<figure class=\"wp-block-image size-large\"><img data-opt-id=336403882  data-opt-src=\"https:\/\/mlwziiafuazo.i.optimole.com\/w:auto\/h:auto\/q:mauto\/ig:avif\/https:\/\/anitafrichot.com\/wp-content\/uploads\/2025\/05\/IMG_6784-3-scaled.jpeg\"  decoding=\"async\" width=\"2560\" height=\"1920\" data-id=\"1281\" src=\"data:image/svg+xml,%3Csvg%20viewBox%3D%220%200%20100%%20100%%22%20width%3D%22100%%22%20height%3D%22100%%22%20xmlns%3D%22http%3A%2F%2Fwww.w3.org%2F2000%2Fsvg%22%3E%3Crect%20width%3D%22100%%22%20height%3D%22100%%22%20fill%3D%22transparent%22%2F%3E%3C%2Fsvg%3E\" alt=\"\" class=\"wp-image-1281\" old-srcset=\"https:\/\/mlwziiafuazo.i.optimole.com\/w:1440\/h:1080\/q:mauto\/ig:avif\/https:\/\/anitafrichot.com\/wp-content\/uploads\/2025\/05\/IMG_6784-3-scaled.jpeg 2560w, https:\/\/mlwziiafuazo.i.optimole.com\/w:300\/h:225\/q:mauto\/ig:avif\/https:\/\/anitafrichot.com\/wp-content\/uploads\/2025\/05\/IMG_6784-3-scaled.jpeg 300w\" \/><\/figure>\n\n\n\n<figure class=\"wp-block-image size-large\"><img data-opt-id=1088387656  data-opt-src=\"https:\/\/mlwziiafuazo.i.optimole.com\/w:1024\/h:958\/q:mauto\/ig:avif\/https:\/\/anitafrichot.com\/wp-content\/uploads\/2025\/05\/IMG_6816-2.jpeg\"  decoding=\"async\" width=\"1024\" height=\"958\" data-id=\"1263\" src=\"data:image/svg+xml,%3Csvg%20viewBox%3D%220%200%201024%20958%22%20width%3D%221024%22%20height%3D%22958%22%20xmlns%3D%22http%3A%2F%2Fwww.w3.org%2F2000%2Fsvg%22%3E%3Crect%20width%3D%221024%22%20height%3D%22958%22%20fill%3D%22transparent%22%2F%3E%3C%2Fsvg%3E\" alt=\"\" class=\"wp-image-1263\" old-srcset=\"https:\/\/mlwziiafuazo.i.optimole.com\/w:1024\/h:958\/q:mauto\/ig:avif\/https:\/\/anitafrichot.com\/wp-content\/uploads\/2025\/05\/IMG_6816-2.jpeg 1024w, https:\/\/mlwziiafuazo.i.optimole.com\/w:300\/h:281\/q:mauto\/ig:avif\/https:\/\/anitafrichot.com\/wp-content\/uploads\/2025\/05\/IMG_6816-2.jpeg 300w, https:\/\/mlwziiafuazo.i.optimole.com\/w:768\/h:718\/q:mauto\/ig:avif\/https:\/\/anitafrichot.com\/wp-content\/uploads\/2025\/05\/IMG_6816-2.jpeg 768w, https:\/\/mlwziiafuazo.i.optimole.com\/w:1154\/h:1080\/q:mauto\/ig:avif\/https:\/\/anitafrichot.com\/wp-content\/uploads\/2025\/05\/IMG_6816-2.jpeg 1536w, https:\/\/mlwziiafuazo.i.optimole.com\/w:1154\/h:1080\/q:mauto\/ig:avif\/https:\/\/anitafrichot.com\/wp-content\/uploads\/2025\/05\/IMG_6816-2.jpeg 1674w\" \/><\/figure>\n<\/figure>\n","protected":false},"excerpt":{"rendered":"<p>Jeg tilbyder workshops p\u00e5 foresp\u00f8rgsel. Under denne workshop arbejdede vi med den grafiske dybtrykteknik koldn\u00e5l. Kontakt<\/p>\n","protected":false},"author":1,"featured_media":0,"parent":0,"menu_order":0,"comment_status":"closed","ping_status":"closed","template":"","meta":{"_themeisle_gutenberg_block_has_review":false,"footnotes":""},"class_list":["post-1215","page","type-page","status-publish","hentry"],"_links":{"self":[{"href":"https:\/\/anitafrichot.com\/index.php\/wp-json\/wp\/v2\/pages\/1215","targetHints":{"allow":["GET"]}}],"collection":[{"href":"https:\/\/anitafrichot.com\/index.php\/wp-json\/wp\/v2\/pages"}],"about":[{"href":"https:\/\/anitafrichot.com\/index.php\/wp-json\/wp\/v2\/types\/page"}],"author":[{"embeddable":true,"href":"https:\/\/anitafrichot.com\/index.php\/wp-json\/wp\/v2\/users\/1"}],"replies":[{"embeddable":true,"href":"https:\/\/anitafrichot.com\/index.php\/wp-json\/wp\/v2\/comments?post=1215"}],"version-history":[{"count":2,"href":"https:\/\/anitafrichot.com\/index.php\/wp-json\/wp\/v2\/pages\/1215\/revisions"}],"predecessor-version":[{"id":1292,"href":"https:\/\/anitafrichot.com\/index.php\/wp-json\/wp\/v2\/pages\/1215\/revisions\/1292"}],"wp:attachment":[{"href":"https:\/\/anitafrichot.com\/index.php\/wp-json\/wp\/v2\/media?parent=1215"}],"curies":[{"name":"wp","href":"https:\/\/api.w.org\/{rel}","templated":true}]}}